{"id":67,"date":"2024-09-06T14:31:51","date_gmt":"2024-09-06T19:31:51","guid":{"rendered":"https:\/\/refaccionesfranco.mx\/?page_id=67"},"modified":"2025-04-09T14:44:04","modified_gmt":"2025-04-09T19:44:04","slug":"quienes-somos","status":"publish","type":"page","link":"https:\/\/refaccionesfranco.cloud\/index.php\/quienes-somos\/","title":{"rendered":"\u00bfQUIENES SOMOS?"},"content":{"rendered":"<p>[et_pb_section fb_built=&#8221;1&#8243; fullwidth=&#8221;on&#8221; _builder_version=&#8221;4.27.0&#8243; _module_preset=&#8221;default&#8221; animation_style=&#8221;fade&#8221; global_colors_info=&#8221;{}&#8221;][et_pb_fullwidth_slider _builder_version=&#8221;4.27.4&#8243; _module_preset=&#8221;default&#8221; height=&#8221;674px&#8221; custom_margin=&#8221;-27px||-27px||true|false&#8221; animation_style=&#8221;zoom&#8221; global_colors_info=&#8221;{}&#8221;][et_pb_slide heading=&#8221;Video Institucional&#8221; video_url=&#8221;https:\/\/refaccionesfranco.cloud\/wp-content\/uploads\/2024\/09\/video-conocenos.mp4&#8243; _builder_version=&#8221;4.27.4&#8243; _module_preset=&#8221;default&#8221; header_font_size=&#8221;47px&#8221; body_text_align=&#8221;left&#8221; body_font_size=&#8221;17px&#8221; background_color=&#8221;#06116e&#8221; background_enable_color=&#8221;on&#8221; global_colors_info=&#8221;{}&#8221; sticky_transition=&#8221;on&#8221;]<\/p>\n<p>\u201cObserva en 60 segundos, nuestra propuesta de valor que con tu preferencia nos ha posicionado m\u00e1s de 60 a\u00f1os\u201d.<\/p>\n<p>[\/et_pb_slide][et_pb_slide heading=&#8221;Servicio&#8221; image=&#8221;https:\/\/refaccionesfranco.cloud\/wp-content\/uploads\/2025\/01\/Captura-de-pantalla-2025-01-28-a-las-12.40.52\u202fp.m.png&#8221; _builder_version=&#8221;4.27.4&#8243; _module_preset=&#8221;default&#8221; background_color=&#8221;#06116e&#8221; background_enable_color=&#8221;on&#8221; global_colors_info=&#8221;{}&#8221; sticky_transition=&#8221;on&#8221;]<\/p>\n<p>\u201cAtenci\u00f3n personalizada, profesional, amena y efectiva ya que encontrar\u00e1s las refacciones que necesitas, con calidad de original y con los precios m\u00e1s competitivos del mercado.\u201d<\/p>\n<p>\u201cL\u00e1nzate a Franco, no es necesario cotizar con otros, seguro tienen la pieza y al mejor precio\u201d (eso me dijo mi mec\u00e1nico de confianza en 1989 y desde entonces soy cliente cuando necesito que me reparen mi veh\u00edculo, Sergio Islas).<\/p>\n<p>[\/et_pb_slide][et_pb_slide heading=&#8221;Amplio Estacionamiento&#8221; image=&#8221;https:\/\/refaccionesfranco.cloud\/wp-content\/uploads\/2025\/03\/Estacionamiento-AmplioARF2.jpg&#8221; use_bg_overlay=&#8221;off&#8221; use_text_overlay=&#8221;off&#8221; _builder_version=&#8221;4.27.4&#8243; _module_preset=&#8221;default&#8221; background_color=&#8221;#06116e&#8221; background_enable_color=&#8221;on&#8221; width=&#8221;100%&#8221; max_width=&#8221;100%&#8221; global_colors_info=&#8221;{}&#8221; sticky_transition=&#8221;on&#8221;]<\/p>\n<p>\u201cVienes en auto, moto, bicicleta o scooter? No hay problema, contamos con un amplio estacionamiento y video vigilancia, para comodidad de nuestros clientes, en tanto realizan su compra.\u201d<\/p>\n<p>[\/et_pb_slide][et_pb_slide heading=&#8221;Atenci\u00f3n Personalizada&#8221; button_text=&#8221;Hacer Pedido&#8221; image=&#8221;https:\/\/refaccionesfranco.cloud\/wp-content\/uploads\/2025\/01\/WhatsApp-Image-2025-01-24-at-15.38.55-rotated.jpeg&#8221; _builder_version=&#8221;4.27.4&#8243; _module_preset=&#8221;default&#8221; background_color=&#8221;#06116e&#8221; background_enable_color=&#8221;on&#8221; global_colors_info=&#8221;{}&#8221; sticky_transition=&#8221;on&#8221;]<\/p>\n<p>\u201cte sabemos consentir, para que tu estancia sea amena\u201d Los Talleres y Mec\u00e1nicos \u201cfrecuentes\u201d cuentan con un Asesor de Ventas personal, quien les brindar\u00e1 una atenci\u00f3n profesional, desde que los contactan en el sitio web para hacer su Pedido o si por alguna raz\u00f3n necesitan contactarlos con una llamada telef\u00f3nica o WhatsApp.<\/p>\n<p>[\/et_pb_slide][et_pb_slide heading=&#8221;Disponibilidad&#8221; button_text=&#8221;REGISTRARSE&#8221; button_link=&#8221;https:\/\/refaccionesfranco.cloud\/index.php\/registro\/&#8221; url_new_window=&#8221;on&#8221; image=&#8221;https:\/\/refaccionesfranco.cloud\/wp-content\/uploads\/2024\/09\/Disponibilidad-en-productos.jpg&#8221; _builder_version=&#8221;4.27.4&#8243; _module_preset=&#8221;default&#8221; background_color=&#8221;#06116e&#8221; background_enable_color=&#8221;on&#8221; global_colors_info=&#8221;{}&#8221; sticky_transition=&#8221;on&#8221;]<\/p>\n<p>\u201cNo hay refacci\u00f3n m\u00e1s cara que la que no encuentras\u201d, lo sabemos bien y contamos con la tecnolog\u00eda, los algoritmos y la experiencia, que nos permite asegurarte una \u201calta disponibilidad\u201d de refacciones, con calidad \u201coriginal\u201d en la mayor\u00eda de las Marcas que manejamos y a precios inmejorables.<\/p>\n<p>\u201ccon Franco no hay pierde, siempre encuentras\u201d.<\/p>\n<p>\u00bfEres una empresa con flotilla de veh\u00edculos o un Taller Especializado en alguna marca de veh\u00edculos? Plat\u00edcanos tus necesidades, nos interesa brindarte soluciones:<\/p>\n<p>[\/et_pb_slide][et_pb_slide heading=&#8221;Seguridad&#8221; image=&#8221;https:\/\/refaccionesfranco.cloud\/wp-content\/uploads\/2024\/09\/Seguridad.jpg&#8221; _builder_version=&#8221;4.27.4&#8243; _module_preset=&#8221;default&#8221; background_color=&#8221;#06116e&#8221; background_enable_color=&#8221;on&#8221; global_colors_info=&#8221;{}&#8221; sticky_transition=&#8221;on&#8221;]<\/p>\n<p>\u201cContamos con personal de seguridad y sistema de videovigilancia, para que tu estancia sea sin preocupaciones, \u00e1gil y efectiva en cada una de nuestras sucursales.<\/p>\n<p>[\/et_pb_slide][\/et_pb_fullwidth_slider][\/et_pb_section][et_pb_section fb_built=&#8221;1&#8243; _builder_version=&#8221;4.27.0&#8243; _module_preset=&#8221;default&#8221; custom_padding=&#8221;||4px|||&#8221; global_colors_info=&#8221;{}&#8221;][et_pb_row _builder_version=&#8221;4.27.0&#8243; _module_preset=&#8221;default&#8221; global_colors_info=&#8221;{}&#8221;][et_pb_column type=&#8221;4_4&#8243; _builder_version=&#8221;4.27.0&#8243; _module_preset=&#8221;default&#8221; global_colors_info=&#8221;{}&#8221;][et_pb_heading title=&#8221;\u00bfQUIENES SOMOS?&#8221; _builder_version=&#8221;4.27.0&#8243; _module_preset=&#8221;default&#8221; title_font=&#8221;|700|||||||&#8221; title_text_align=&#8221;center&#8221; title_text_color=&#8221;#06116e&#8221; title_font_size=&#8221;35px&#8221; module_alignment=&#8221;center&#8221; animation_style=&#8221;slide&#8221; global_colors_info=&#8221;{}&#8221;][\/et_pb_heading][\/et_pb_column][\/et_pb_row][\/et_pb_section][et_pb_section fb_built=&#8221;1&#8243; _builder_version=&#8221;4.27.0&#8243; _module_preset=&#8221;default&#8221; min_height=&#8221;111px&#8221; custom_padding=&#8221;5px||2px|||&#8221; global_colors_info=&#8221;{}&#8221;][et_pb_row _builder_version=&#8221;4.27.0&#8243; _module_preset=&#8221;default&#8221; global_colors_info=&#8221;{}&#8221;][et_pb_column type=&#8221;4_4&#8243; _builder_version=&#8221;4.27.0&#8243; _module_preset=&#8221;default&#8221; global_colors_info=&#8221;{}&#8221;][et_pb_heading title=&#8221;HISTORIA&#8221; _builder_version=&#8221;4.27.4&#8243; _module_preset=&#8221;default&#8221; title_text_align=&#8221;left&#8221; animation_style=&#8221;slide&#8221; title_text_align_tablet=&#8221;left&#8221; title_text_align_phone=&#8221;center&#8221; title_text_align_last_edited=&#8221;on|phone&#8221; global_colors_info=&#8221;{}&#8221;][\/et_pb_heading][\/et_pb_column][\/et_pb_row][\/et_pb_section][et_pb_section fb_built=&#8221;1&#8243; _builder_version=&#8221;4.27.0&#8243; _module_preset=&#8221;default&#8221; custom_padding=&#8221;7px||8px|||&#8221; global_colors_info=&#8221;{}&#8221;][et_pb_row _builder_version=&#8221;4.27.0&#8243; _module_preset=&#8221;default&#8221; global_colors_info=&#8221;{}&#8221;][et_pb_column type=&#8221;4_4&#8243; _builder_version=&#8221;4.27.0&#8243; _module_preset=&#8221;default&#8221; global_colors_info=&#8221;{}&#8221;][et_pb_text _builder_version=&#8221;4.27.4&#8243; _module_preset=&#8221;default&#8221; text_font=&#8221;|600|||||||&#8221; text_text_color=&#8221;#000000&#8243; text_font_size=&#8221;15px&#8221; text_orientation=&#8221;justified&#8221; animation_style=&#8221;bounce&#8221; hover_enabled=&#8221;0&#8243; global_colors_info=&#8221;{}&#8221; sticky_enabled=&#8221;0&#8243;]<\/p>\n<button id=\"bb1\" type=\"button\" value=\"Play\" class=\"responsivevoice-button\" title=\"ResponsiveVoice Tap to Start\/Stop Speech\"><span>&#128266; Escuchar<\/span><\/button>\n        <script>\n            bb1.onclick = function(){\n                if(responsiveVoice.isPlaying()){\n                    responsiveVoice.cancel();\n                }else{\n                    responsiveVoice.speak(\"En la Ciudad de M\u00e9xico, hace 60 a\u00f1os, un hombre con una visi\u00f3n inquebrantable y un esp\u00edritu emprendedor decid\u00eda dar vida a un sue\u00f1o. Este hombre era Tom\u00e1s Franco Cerrillo, un individuo dotado de una habilidad innata para las ventas y una pasi\u00f3n desbordante por el mundo automotriz. En el a\u00f1o 1964, en medio de un ambiente de creatividad y determinaci\u00f3n, nac\u00eda Auto Refacciones Franco. Con solo unas cuantas piezas y una peque\u00f1a tienda de mostrador, Tom\u00e1s comenz\u00f3 a forjar los cimientos de lo que se convertir\u00eda en una empresa emblem\u00e1tica de la industria de refacciones automotrices en M\u00e9xico. A lo largo de los a\u00f1os, Auto Refacciones Franco se convirti\u00f3 en mucho m\u00e1s que una simple refaccionaria. Se convirti\u00f3 en un punto de referencia para conductores y mec\u00e1nicos de toda la regi\u00f3n. La reputaci\u00f3n de la empresa creci\u00f3 r\u00e1pidamente, alimentada por la calidad de sus productos, su impecable servicio al cliente y, sobre todo, por la atenci\u00f3n personalizada que ofrec\u00eda Tom\u00e1s y su equipo. Con el paso del tiempo, Auto Refacciones Franco se consolid\u00f3 como un pilar en la comunidad, llegando a ser reconocida por su compromiso con la excelencia y su contribuci\u00f3n al desarrollo econ\u00f3mico local. A medida que la empresa crec\u00eda, tambi\u00e9n lo hac\u00edan sus valores fundamentales: precio, calidad, servicio y atenci\u00f3n. Hoy en d\u00eda, sesenta a\u00f1os despu\u00e9s de su fundaci\u00f3n, Auto Refacciones Franco sigue siendo una empresa 100% mexicana, fiel a los principios establecidos por su visionario fundador. A trav\u00e9s de los a\u00f1os, han enfrentado desaf\u00edos y han superado obst\u00e1culos, pero su compromiso con la satisfacci\u00f3n del cliente y la b\u00fasqueda constante de la excelencia nunca ha vacilado. La historia de Auto Refacciones Franco es un testimonio de perseverancia, dedicaci\u00f3n y pasi\u00f3n por lo que se hace. Es un recordatorio de que, con determinaci\u00f3n y visi\u00f3n, incluso los sue\u00f1os m\u00e1s grandes pueden hacerse realidad. Y, sobre todo, es un homenaje a un hombre visionario que, con su esp\u00edritu emprendedor, logr\u00f3 dejar una marca indeleble en la historia de la industria de refacciones automotrices mexicana.\", \"Spanish Latin American Female\");\n                }\n            };\n        <\/script>\n     En la Ciudad de M\u00e9xico, hace 60 a\u00f1os, un hombre con una visi\u00f3n inquebrantable y un esp\u00edritu emprendedor decid\u00eda dar vida a un sue\u00f1o. Este hombre era Tom\u00e1s Franco Cerrillo, un individuo dotado de una habilidad innata para las ventas y una pasi\u00f3n desbordante por el mundo automotriz. En el a\u00f1o 1964, en medio de un ambiente de creatividad y determinaci\u00f3n, nac\u00eda Auto Refacciones Franco. Con solo unas cuantas piezas y una peque\u00f1a tienda de mostrador, Tom\u00e1s comenz\u00f3 a forjar los cimientos de lo que se convertir\u00eda en una empresa emblem\u00e1tica de la industria de refacciones automotrices en M\u00e9xico.<\/p>\n<p>A lo largo de los a\u00f1os, Auto Refacciones Franco se convirti\u00f3 en mucho m\u00e1s que una simple refaccionaria. Se convirti\u00f3 en un punto de referencia para conductores y mec\u00e1nicos de toda la regi\u00f3n. La reputaci\u00f3n de la empresa creci\u00f3 r\u00e1pidamente, alimentada por la calidad de sus productos, su impecable servicio al cliente y, sobre todo, por la atenci\u00f3n personalizada que ofrec\u00eda Tom\u00e1s y su equipo. Con el paso del tiempo, Auto Refacciones Franco se consolid\u00f3 como un pilar en la comunidad, llegando a ser reconocida por su compromiso con la excelencia y su contribuci\u00f3n al desarrollo econ\u00f3mico local. A medida que la empresa crec\u00eda, tambi\u00e9n lo hac\u00edan sus valores fundamentales: precio, calidad, servicio y atenci\u00f3n.<\/p>\n<p>Hoy en d\u00eda, sesenta a\u00f1os despu\u00e9s de su fundaci\u00f3n, Auto Refacciones Franco sigue siendo una empresa 100% mexicana, fiel a los principios establecidos por su visionario fundador. A trav\u00e9s de los a\u00f1os, han enfrentado desaf\u00edos y han superado obst\u00e1culos, pero su compromiso con la satisfacci\u00f3n del cliente y la b\u00fasqueda constante de la excelencia nunca ha vacilado. La historia de Auto Refacciones Franco es un testimonio de perseverancia, dedicaci\u00f3n y pasi\u00f3n por lo que se hace. Es un recordatorio de que, con determinaci\u00f3n y visi\u00f3n, incluso los sue\u00f1os m\u00e1s grandes pueden hacerse realidad. Y, sobre todo, es un homenaje a un hombre visionario que, con su esp\u00edritu emprendedor, logr\u00f3 dejar una marca indeleble en la historia de la industria de refacciones automotrices mexicana. \n<p>[\/et_pb_text][\/et_pb_column][\/et_pb_row][\/et_pb_section][et_pb_section fb_built=&#8221;1&#8243; _builder_version=&#8221;4.27.0&#8243; _module_preset=&#8221;default&#8221; min_height=&#8221;327px&#8221; custom_margin=&#8221;||-8px|||&#8221; custom_padding=&#8221;9px|||||&#8221; global_colors_info=&#8221;{}&#8221;][et_pb_row column_structure=&#8221;1_3,1_3,1_3&#8243; use_custom_gutter=&#8221;on&#8221; gutter_width=&#8221;4&#8243; make_equal=&#8221;on&#8221; _builder_version=&#8221;4.27.0&#8243; _module_preset=&#8221;default&#8221; animation_style=&#8221;fold&#8221; global_colors_info=&#8221;{}&#8221;][et_pb_column type=&#8221;1_3&#8243; _builder_version=&#8221;4.27.0&#8243; _module_preset=&#8221;default&#8221; global_colors_info=&#8221;{}&#8221;][et_pb_image src=&#8221;https:\/\/refaccionesfranco.cloud\/wp-content\/uploads\/2025\/02\/WhatsApp-Image-2025-02-05-at-11.06.09-scaled.jpeg&#8221; title_text=&#8221;WhatsApp Image 2025-02-05 at 11.06.09&#8243; align=&#8221;center&#8221; _builder_version=&#8221;4.27.4&#8243; _module_preset=&#8221;default&#8221; animation_style=&#8221;fade&#8221; global_colors_info=&#8221;{}&#8221;][\/et_pb_image][et_pb_heading title=&#8221;MISI\u00d3N&#8221; _builder_version=&#8221;4.27.4&#8243; _module_preset=&#8221;default&#8221; title_font=&#8221;|700|||||||&#8221; title_text_align=&#8221;center&#8221; title_text_color=&#8221;#06116e&#8221; global_colors_info=&#8221;{}&#8221;][\/et_pb_heading][et_pb_text _builder_version=&#8221;4.27.4&#8243; _module_preset=&#8221;default&#8221; text_font=&#8221;|600|||||||&#8221; text_text_color=&#8221;#000000&#8243; text_orientation=&#8221;justified&#8221; hover_enabled=&#8221;0&#8243; global_colors_info=&#8221;{}&#8221; sticky_enabled=&#8221;0&#8243;]<\/p>\n<button id=\"bb2\" type=\"button\" value=\"Play\" class=\"responsivevoice-button\" title=\"ResponsiveVoice Tap to Start\/Stop Speech\"><span>&#128266; Escuchar<\/span><\/button>\n        <script>\n            bb2.onclick = function(){\n                if(responsiveVoice.isPlaying()){\n                    responsiveVoice.cancel();\n                }else{\n                    responsiveVoice.speak(\"Ofrecer a nuestros clientes una amplia gama de refacciones automotrices de alta calidad, garantizando precios competitivos y un servicio excepcional. Contribuir al desarrollo de nuestro pa\u00eds al generar valor a nuestros colaboradores, clientes, proveedores, as\u00ed como la comunidad en general.\", \"Spanish Latin American Female\");\n                }\n            };\n        <\/script>\n     Ofrecer a nuestros clientes una amplia gama de refacciones automotrices de alta calidad, garantizando precios competitivos y un servicio excepcional. Contribuir al desarrollo de nuestro pa\u00eds al generar valor a nuestros colaboradores, clientes, proveedores, as\u00ed como la comunidad en general. \n<p>[\/et_pb_text][\/et_pb_column][et_pb_column type=&#8221;1_3&#8243; _builder_version=&#8221;4.27.0&#8243; _module_preset=&#8221;default&#8221; global_colors_info=&#8221;{}&#8221;][et_pb_image src=&#8221;https:\/\/refaccionesfranco.cloud\/wp-content\/uploads\/2025\/02\/WhatsApp-Image-2025-02-05-at-11.06.09-1-scaled.jpeg&#8221; title_text=&#8221;WhatsApp Image 2025-02-05 at 11.06.09 (1)&#8221; align=&#8221;center&#8221; _builder_version=&#8221;4.27.4&#8243; _module_preset=&#8221;default&#8221; animation_style=&#8221;fade&#8221; global_colors_info=&#8221;{}&#8221;][\/et_pb_image][et_pb_heading title=&#8221;VISI\u00d3N&#8221; _builder_version=&#8221;4.27.4&#8243; _module_preset=&#8221;default&#8221; title_font=&#8221;|700|||||||&#8221; title_text_align=&#8221;center&#8221; title_text_color=&#8221;#06116e&#8221; title_line_height=&#8221;1.8em&#8221; transform_translate_linked=&#8221;off&#8221; global_colors_info=&#8221;{}&#8221;][\/et_pb_heading][et_pb_text _builder_version=&#8221;4.27.4&#8243; _module_preset=&#8221;default&#8221; text_font=&#8221;|600|||||||&#8221; text_text_color=&#8221;#000000&#8243; transform_translate=&#8221;-20px|0px&#8221; text_orientation=&#8221;justified&#8221; hover_enabled=&#8221;0&#8243; global_colors_info=&#8221;{}&#8221; sticky_enabled=&#8221;0&#8243;]<\/p>\n<button id=\"bb3\" type=\"button\" value=\"Play\" class=\"responsivevoice-button\" title=\"ResponsiveVoice Tap to Start\/Stop Speech\"><span>&#128266; Escuchar<\/span><\/button>\n        <script>\n            bb3.onclick = function(){\n                if(responsiveVoice.isPlaying()){\n                    responsiveVoice.cancel();\n                }else{\n                    responsiveVoice.speak(\"Ser el l\u00edder en la distribuci\u00f3n local de refacciones automotrices, siendo reconocidos por nuestra excelencia en precio, calidad y surtido.\", \"Spanish Latin American Female\");\n                }\n            };\n        <\/script>\n     Ser el l\u00edder en la distribuci\u00f3n local de refacciones automotrices, siendo reconocidos por nuestra excelencia en precio, calidad y surtido. \n<p>[\/et_pb_text][\/et_pb_column][et_pb_column type=&#8221;1_3&#8243; _builder_version=&#8221;4.27.0&#8243; _module_preset=&#8221;default&#8221; global_colors_info=&#8221;{}&#8221;][et_pb_image src=&#8221;https:\/\/refaccionesfranco.cloud\/wp-content\/uploads\/2025\/02\/WhatsApp-Image-2025-02-05-at-11.06.09-2-scaled-e1738777919368.jpeg&#8221; title_text=&#8221;WhatsApp Image 2025-02-05 at 11.06.09 (2)&#8221; align=&#8221;center&#8221; _builder_version=&#8221;4.27.4&#8243; _module_preset=&#8221;default&#8221; transform_scale=&#8221;100%|70%&#8221; transform_scale_linked=&#8221;off&#8221; transform_translate=&#8221;0px|60px&#8221; transform_translate_linked=&#8221;off&#8221; height=&#8221;304px&#8221; animation_style=&#8221;fade&#8221; global_colors_info=&#8221;{}&#8221;][\/et_pb_image][et_pb_heading title=&#8221;VALORES&#8221; _builder_version=&#8221;4.27.4&#8243; _module_preset=&#8221;default&#8221; title_font=&#8221;|700|||||||&#8221; title_text_align=&#8221;center&#8221; title_text_color=&#8221;#06116e&#8221; title_line_height=&#8221;1.9em&#8221; global_colors_info=&#8221;{}&#8221;][\/et_pb_heading][et_pb_text _builder_version=&#8221;4.27.4&#8243; _module_preset=&#8221;default&#8221; text_font=&#8221;|600|||||||&#8221; text_text_color=&#8221;#000000&#8243; hover_enabled=&#8221;0&#8243; global_colors_info=&#8221;{}&#8221; sticky_enabled=&#8221;0&#8243;]<\/p>\n<p style=\"text-align: justify;\"><button id=\"bb4\" type=\"button\" value=\"Play\" class=\"responsivevoice-button\" title=\"ResponsiveVoice Tap to Start\/Stop Speech\"><span>&#128266; Escuchar<\/span><\/button>\n        <script>\n            bb4.onclick = function(){\n                if(responsiveVoice.isPlaying()){\n                    responsiveVoice.cancel();\n                }else{\n                    responsiveVoice.speak(\"Auto Refacciones Franco est\u00e1 conformado por un grupo de personas multidisciplinario con las capacidades y fortalezas necesarias para el \u00f3ptimo funcionamiento de la empresa y de esta manera actuar y atender de la manera m\u00e1s eficiente a todas las demandas y exigencias del mercado ofreciendo siempre: SERVICIO, CALIDAD, PRECIO y ATENCI\u00d3N.\", \"Spanish Latin American Female\");\n                }\n            };\n        <\/script>\n     Auto Refacciones Franco est\u00e1 conformado por un grupo de personas multidisciplinario con las capacidades y fortalezas necesarias para el \u00f3ptimo funcionamiento de la empresa y de esta manera actuar y atender de la manera m\u00e1s eficiente a todas las demandas y exigencias del mercado ofreciendo siempre: <span style=\"color: #06116e;\">SERVICIO, CALIDAD, PRECIO y ATENCI\u00d3N. <\/span><\/p>\n<p>[\/et_pb_text][\/et_pb_column][\/et_pb_row][\/et_pb_section][et_pb_section fb_built=&#8221;1&#8243; _builder_version=&#8221;4.27.4&#8243; _module_preset=&#8221;default&#8221; global_colors_info=&#8221;{}&#8221;][et_pb_row _builder_version=&#8221;4.27.4&#8243; _module_preset=&#8221;default&#8221; global_colors_info=&#8221;{}&#8221;][et_pb_column type=&#8221;4_4&#8243; _builder_version=&#8221;4.27.4&#8243; _module_preset=&#8221;default&#8221; global_colors_info=&#8221;{}&#8221;][et_pb_heading title=&#8221;\u00a1AGRADECEMOS SU PREFERENCIA!&#8221; _builder_version=&#8221;4.27.4&#8243; _module_preset=&#8221;default&#8221; title_font=&#8221;|800|||||||&#8221; title_text_align=&#8221;center&#8221; title_text_color=&#8221;#06116e&#8221; hover_enabled=&#8221;0&#8243; global_colors_info=&#8221;{}&#8221; sticky_enabled=&#8221;0&#8243;][\/et_pb_heading][\/et_pb_column][\/et_pb_row][\/et_pb_section]<\/p>\n","protected":false},"excerpt":{"rendered":"<p>\u201cObserva en 60 segundos, nuestra propuesta de valor que con tu preferencia nos ha posicionado m\u00e1s de 60 a\u00f1os\u201d.\u201cAtenci\u00f3n personalizada, profesional, amena y efectiva ya que encontrar\u00e1s las refacciones que necesitas, con calidad de original y con los precios m\u00e1s competitivos del mercado.\u201d \u201cL\u00e1nzate a Franco, no es necesario cotizar con otros, seguro tienen la [&hellip;]<\/p>\n","protected":false},"author":1,"featured_media":0,"parent":0,"menu_order":0,"comment_status":"closed","ping_status":"closed","template":"","meta":{"_et_pb_use_builder":"on","_et_pb_old_content":"<!-- wp:divi\/placeholder \/-->","_et_gb_content_width":"","_monsterinsights_skip_tracking":false,"_monsterinsights_sitenote_active":false,"_monsterinsights_sitenote_note":"","_monsterinsights_sitenote_category":0,"_uf_show_specific_survey":0,"_uf_disable_surveys":false,"_joinchat":[],"footnotes":""},"class_list":["post-67","page","type-page","status-publish","hentry"],"aioseo_notices":[],"_hostinger_reach_plugin_has_subscription_block":false,"_hostinger_reach_plugin_is_elementor":false,"_links":{"self":[{"href":"https:\/\/refaccionesfranco.cloud\/index.php\/wp-json\/wp\/v2\/pages\/67","targetHints":{"allow":["GET"]}}],"collection":[{"href":"https:\/\/refaccionesfranco.cloud\/index.php\/wp-json\/wp\/v2\/pages"}],"about":[{"href":"https:\/\/refaccionesfranco.cloud\/index.php\/wp-json\/wp\/v2\/types\/page"}],"author":[{"embeddable":true,"href":"https:\/\/refaccionesfranco.cloud\/index.php\/wp-json\/wp\/v2\/users\/1"}],"replies":[{"embeddable":true,"href":"https:\/\/refaccionesfranco.cloud\/index.php\/wp-json\/wp\/v2\/comments?post=67"}],"version-history":[{"count":28,"href":"https:\/\/refaccionesfranco.cloud\/index.php\/wp-json\/wp\/v2\/pages\/67\/revisions"}],"predecessor-version":[{"id":688,"href":"https:\/\/refaccionesfranco.cloud\/index.php\/wp-json\/wp\/v2\/pages\/67\/revisions\/688"}],"wp:attachment":[{"href":"https:\/\/refaccionesfranco.cloud\/index.php\/wp-json\/wp\/v2\/media?parent=67"}],"curies":[{"name":"wp","href":"https:\/\/api.w.org\/{rel}","templated":true}]}}